{"id":1774,"date":"2026-01-21T09:25:53","date_gmt":"2026-01-21T08:25:53","guid":{"rendered":"https:\/\/www.proauto-parts.sk\/?page_id=1774"},"modified":"2026-01-21T09:46:48","modified_gmt":"2026-01-21T08:46:48","slug":"vyhlasenie-o-pristupnosti","status":"publish","type":"page","link":"https:\/\/www.proauto-parts.sk\/en\/vyhlasenie-o-pristupnosti\/","title":{"rendered":"Vyhl\u00e1senie o pr\u00edstupnosti"},"content":{"rendered":"<div data-elementor-type=\"wp-page\" data-elementor-id=\"1774\" class=\"elementor elementor-1774\">\n\t\t\t\t\t\t<section class=\"elementor-section elementor-top-section elementor-element elementor-element-4ecbb9d8 elementor-section-boxed elementor-section-height-default elementor-section-height-default\" data-id=\"4ecbb9d8\" data-element_type=\"section\">\n\t\t\t\t\t\t<div class=\"elementor-container elementor-column-gap-default\">\n\t\t\t\t\t<div class=\"elementor-column elementor-col-100 elementor-top-column elementor-element elementor-element-df9ca44\" data-id=\"df9ca44\" data-element_type=\"column\">\n\t\t\t<div class=\"elementor-widget-wrap elementor-element-populated\">\n\t\t\t\t\t\t<div class=\"elementor-element elementor-element-7facfbbf elementor-widget elementor-widget-text-editor\" data-id=\"7facfbbf\" data-element_type=\"widget\" data-widget_type=\"text-editor.default\">\n\t\t\t\t<div class=\"elementor-widget-container\">\n\t\t\t\t\t\t\t\t\t\n<h2 class=\"wp-block-heading\"><strong>Vyhl\u00e1senie o\u00a0pr\u00edstupnosti<\/strong><\/h2>\n\n<p><span style=\"color: #000000;\">Spolo\u010dnos\u0165 AUTOTECHNA BAR\u00c1NEK s.r.o., so s\u00eddlom Pod Str\u00e1\u017eou 3, 960 01 Zvolen sa zav\u00e4zuje zabezpe\u010di\u0165 pr\u00edstupnos\u0165 svojej webovej str\u00e1nky <a style=\"color: #000000;\" href=\"http:\/\/www.proauto-parts.sk\/en\/\">www.proauto-parts.sk<\/a> v s\u00falade so z\u00e1konom \u010d. 351\/2022 Z. z. o pr\u00edstupnosti v\u00fdrobkov a slu\u017eieb pre osoby so zdravotn\u00fdm postihnut\u00edm, a v s\u00falade s normou EN 301 549, ktor\u00e1 vych\u00e1dza zo \u0161tandardov WCAG 2.1 \/ WCAG 2.2 (\u00farove\u0148 AA).<\/span><\/p>\n<p><span style=\"color: #000000;\"><\/span><\/p>\n<p><span style=\"color: #000000;\"><strong>Stav s\u00faladu<\/strong><\/span><\/p>\n<p><span style=\"color: #000000;\"><\/span><\/p>\n<p><span style=\"color: #000000;\">Napriek na\u0161ej snahe o\u00a0zabezpe\u010denie maxim\u00e1lnej pr\u00edstupnosti na\u0161ich slu\u017eieb st\u00e1le existuj\u00fa ur\u010dit\u00e9 obmedzenia. Na odstr\u00e1nen\u00ed t\u00fdchto \u010diasto\u010dn\u00fdch obmedzen\u00ed akt\u00edvne pracujeme.<\/span><\/p>\n<p><span style=\"color: #000000;\"><\/span><\/p>\n<p><span style=\"color: #000000;\"><a style=\"color: #000000;\" href=\"http:\/\/www.proauto-parts.sk\/en\/\">www.proauto-parts.sk<\/a> je \u010diasto\u010dne v\u00a0s\u00falade so \u0161tandardom WCAG 2.1. Ozna\u010denie \u201e\u010diasto\u010dne\u201c znamen\u00e1, \u017ee niektor\u00e9 \u010dasti obsahu\u00a0 e\u0161te nesp\u013a\u0148aj\u00fa normu pr\u00edstupnosti.<\/span><\/p>\n<p><span style=\"color: #000000;\"><\/span><\/p>\n<p><span style=\"color: #000000;\"><strong>Nepr\u00edstupn\u00fd obsah<\/strong><\/span><\/p>\n<p><span style=\"color: #000000;\"><\/span><\/p>\n<p><span style=\"color: #000000;\">Na z\u00e1klade nieko\u013ek\u00fdch hodnoten\u00ed pr\u00edstupnosti vieme, \u017ee niektor\u00e9 \u010dasti str\u00e1nky <a style=\"color: #000000;\" href=\"http:\/\/www.proauto-parts.sk\/en\/\">www.proauto-parts.sk<\/a> nie s\u00fa \u00faplne pr\u00edstupn\u00e9. S\u00fa to napr\u00edklad tieto:\u00a0\u00a0<\/span><\/p>\n<p><span style=\"color: #000000;\"><\/span><\/p>\n<ul class=\"wp-block-list\">\n<li><span style=\"color: #000000;\">Niektor\u00e9 str\u00e1nky nemusia ma\u0165 v s\u00fa\u010dasnosti optim\u00e1lnu \u0161trukt\u00faru nadpisov, \u010do m\u00f4\u017ee s\u0165a\u017eova\u0165 navig\u00e1ciu pri pou\u017e\u00edvan\u00ed asist\u00edvnych technol\u00f3gi\u00ed.\u00a0<\/span><\/li>\n\n<li><span style=\"color: #000000;\">Niektor\u00e9 str\u00e1nky alebo prvky nemusia by\u0165 plne fokusovate\u013en\u00e9 a ovl\u00e1date\u013en\u00e9 pomocou kl\u00e1vesnice.\u00a0\u00a0<\/span><\/li>\n\n<li><span style=\"color: #000000;\">Niektor\u00e9 grafick\u00e9 prvky, napr\u00edklad obr\u00e1zky alebo ikony, nemusia obsahova\u0165 vhodn\u00e9 textov\u00e9 alternat\u00edvy.\u00a0<\/span><\/li>\n\n<li><span style=\"color: #000000;\">Niektor\u00e9 vide\u00e1 mo\u017eno nemaj\u00fa k\u00a0dispoz\u00edcii titulky.<\/span><\/li>\n\n<li><span style=\"color: #000000;\">Pri zv\u00e4\u010d\u0161en\u00ed textu na 200% m\u00f4\u017ee d\u00f4js\u0165 k\u00a0naru\u0161eniu niektor\u00fdch funkci\u00ed alebo obsahu.<\/span><\/li>\n\n<li><span style=\"color: #000000;\">Obsah niektor\u00fdch str\u00e1nok nemus\u00ed by\u0165 pri zv\u00e4\u010d\u0161en\u00ed alebo nato\u010den\u00ed zobrazenia plne \u010ditate\u013en\u00fd.\u00a0\u00a0<\/span><\/li>\n\n<li><span style=\"color: #000000;\">Niektor\u00e9 prvky nemusia by\u0165 plne kompatibiln\u00e9 s asistivn\u00fdmi technol\u00f3giami (napr. \u010d\u00edta\u010dkami obrazovky), ako s\u00fa karusely alebo vyskakovacie okn\u00e1.\u00a0\u00a0<\/span><\/li>\n\n<li><span style=\"color: #000000;\">formul\u00e1r nemus\u00ed by\u0165 jednozna\u010dne ozna\u010den\u00fd alebo nemus\u00ed poskytova\u0165 dostato\u010dne zrozumite\u013en\u00e9 chybov\u00e9 hl\u00e1senia.\u00a0<\/span><\/li>\n\n<li><span style=\"color: #000000;\">Sch\u00e9my zobrazuj\u00face technick\u00e9 inform\u00e1cie alebo obr\u00e1zkov\u00e9 inform\u00e1cie o v\u00fdrobkoch nemusia ma\u0165 v\u017edy pr\u00edstupn\u00e9 alternat\u00edvy pre zrakovo postihnut\u00fdch pou\u017e\u00edvate\u013eov, pou\u017e\u00edvaj\u00facich \u010d\u00edta\u010dku obrazovky.\u00a0\u00a0<\/span><\/li>\n<\/ul>\n<p><span style=\"color: #000000;\"><\/span><\/p>\n<p><span style=\"color: #000000;\">Na rie\u0161en\u00ed t\u00fdchto probl\u00e9mov akt\u00edvne pracujeme v r\u00e1mci trval\u00e9ho \u00fasilia o zlep\u0161enie pr\u00edstupnosti na\u0161ich digit\u00e1lnych sk\u00fasenost\u00ed, syst\u00e9mov a slu\u017eieb\u202f.<\/span><\/p>\n<p><span style=\"color: #000000;\"><\/span><\/p>\n<p><span style=\"color: #000000;\"><strong>Sp\u00e4tn\u00e1 v\u00e4zba\u00a0<\/strong><\/span><\/p>\n<p><span style=\"color: #000000;\"><\/span><\/p>\n<p><span style=\"color: #000000;\">Dajte n\u00e1m vedie\u0165,\u202fak sa pri n\u00e1v\u0161teve n\u00e1\u0161ho webu stretnete s prek\u00e1\u017ekami v pr\u00edstupnosti. Kontaktova\u0165 n\u00e1s m\u00f4\u017eete<\/span><br \/><span style=\"color: #000000;\">e-mailom na adrese\u202fmarketing@autotechna.sk. Pros\u00edm, pou\u017eite predmet \u201cDigit\u00e1lna pr\u00edstupnos\u0165\u201d.\u202f\u202f\u00a0<\/span><\/p>\n<p><span style=\"color: #000000;\"><\/span><\/p>\n<p><span style=\"color: #000000;\">Vyhodnotenie s\u00faladu bolo vykonan\u00e9 samohodnoten\u00edm.<\/span><\/p>\n<p><span style=\"color: #000000;\"><\/span><\/p>\n<p><span style=\"color: #000000;\">Vyhl\u00e1senie bolo publikovan\u00e9 d\u0148a 20.06.2025.<\/span><\/p>\n<p><span style=\"color: #000000;\"><\/span><\/p>\n<p>\u00a0<\/p>\n\t\t\t\t\t\t\t\t<\/div>\n\t\t\t\t<\/div>\n\t\t\t\t\t<\/div>\n\t\t<\/div>\n\t\t\t\t\t<\/div>\n\t\t<\/section>\n\t\t\t\t<\/div>","protected":false},"excerpt":{"rendered":"<p>Vyhl\u00e1senie o\u00a0pr\u00edstupnosti Spolo\u010dnos\u0165 AUTOTECHNA BAR\u00c1NEK s.r.o., so s\u00eddlom Pod Str\u00e1\u017eou 3, 960 01 Zvolen sa zav\u00e4zuje zabezpe\u010di\u0165 pr\u00edstupnos\u0165 svojej webovej str\u00e1nky www.proauto-parts.sk v s\u00falade so z\u00e1konom \u010d. 351\/2022 Z. z. o pr\u00edstupnosti v\u00fdrobkov a slu\u017eieb pre osoby so zdravotn\u00fdm postihnut\u00edm, a v s\u00falade s normou EN 301 549, ktor\u00e1 vych\u00e1dza zo \u0161tandardov WCAG 2.1 \/ [&hellip;]<\/p>","protected":false},"author":1,"featured_media":0,"parent":0,"menu_order":0,"comment_status":"closed","ping_status":"closed","template":"","meta":{"footnotes":""},"class_list":["post-1774","page","type-page","status-publish","hentry","entry"],"yoast_head":"<!-- This site is optimized with the Yoast SEO plugin v26.7 - https:\/\/yoast.com\/wordpress\/plugins\/seo\/ -->\n<title>Vyhl\u00e1senie o pr\u00edstupnosti - proauto-parts.sk<\/title>\n<meta name=\"robots\" content=\"index, follow, max-snippet:-1, max-image-preview:large, max-video-preview:-1\" \/>\n<link rel=\"canonical\" href=\"https:\/\/www.proauto-parts.sk\/en\/vyhlasenie-o-pristupnosti\/\" \/>\n<meta property=\"og:locale\" content=\"en_GB\" \/>\n<meta property=\"og:type\" content=\"article\" \/>\n<meta property=\"og:title\" content=\"Vyhl\u00e1senie o pr\u00edstupnosti - proauto-parts.sk\" \/>\n<meta property=\"og:description\" content=\"Vyhl\u00e1senie o\u00a0pr\u00edstupnosti Spolo\u010dnos\u0165 AUTOTECHNA BAR\u00c1NEK s.r.o., so s\u00eddlom Pod Str\u00e1\u017eou 3, 960 01 Zvolen sa zav\u00e4zuje zabezpe\u010di\u0165 pr\u00edstupnos\u0165 svojej webovej str\u00e1nky www.proauto-parts.sk v s\u00falade so z\u00e1konom \u010d. 351\/2022 Z. z. o pr\u00edstupnosti v\u00fdrobkov a slu\u017eieb pre osoby so zdravotn\u00fdm postihnut\u00edm, a v s\u00falade s normou EN 301 549, ktor\u00e1 vych\u00e1dza zo \u0161tandardov WCAG 2.1 \/ [&hellip;]\" \/>\n<meta property=\"og:url\" content=\"https:\/\/www.proauto-parts.sk\/en\/vyhlasenie-o-pristupnosti\/\" \/>\n<meta property=\"og:site_name\" content=\"proauto-parts.sk\" \/>\n<meta property=\"article:modified_time\" content=\"2026-01-21T08:46:48+00:00\" \/>\n<meta name=\"twitter:card\" content=\"summary_large_image\" \/>\n<meta name=\"twitter:label1\" content=\"Estimated reading time\" \/>\n\t<meta name=\"twitter:data1\" content=\"2 minutes\" \/>\n<script type=\"application\/ld+json\" class=\"yoast-schema-graph\">{\"@context\":\"https:\/\/schema.org\",\"@graph\":[{\"@type\":\"WebPage\",\"@id\":\"https:\/\/www.proauto-parts.sk\/vyhlasenie-o-pristupnosti\/\",\"url\":\"https:\/\/www.proauto-parts.sk\/vyhlasenie-o-pristupnosti\/\",\"name\":\"Vyhl\u00e1senie o pr\u00edstupnosti - proauto-parts.sk\",\"isPartOf\":{\"@id\":\"https:\/\/www.proauto-parts.sk\/#website\"},\"datePublished\":\"2026-01-21T08:25:53+00:00\",\"dateModified\":\"2026-01-21T08:46:48+00:00\",\"breadcrumb\":{\"@id\":\"https:\/\/www.proauto-parts.sk\/vyhlasenie-o-pristupnosti\/#breadcrumb\"},\"inLanguage\":\"en-GB\",\"potentialAction\":[{\"@type\":\"ReadAction\",\"target\":[\"https:\/\/www.proauto-parts.sk\/vyhlasenie-o-pristupnosti\/\"]}]},{\"@type\":\"BreadcrumbList\",\"@id\":\"https:\/\/www.proauto-parts.sk\/vyhlasenie-o-pristupnosti\/#breadcrumb\",\"itemListElement\":[{\"@type\":\"ListItem\",\"position\":1,\"name\":\"Home\",\"item\":\"https:\/\/www.proauto-parts.sk\/\"},{\"@type\":\"ListItem\",\"position\":2,\"name\":\"Vyhl\u00e1senie o pr\u00edstupnosti\"}]},{\"@type\":\"WebSite\",\"@id\":\"https:\/\/www.proauto-parts.sk\/#website\",\"url\":\"https:\/\/www.proauto-parts.sk\/\",\"name\":\"proauto-parts.sk\",\"description\":\"PROAUTO PRE AUTO\",\"publisher\":{\"@id\":\"https:\/\/www.proauto-parts.sk\/#organization\"},\"potentialAction\":[{\"@type\":\"SearchAction\",\"target\":{\"@type\":\"EntryPoint\",\"urlTemplate\":\"https:\/\/www.proauto-parts.sk\/?s={search_term_string}\"},\"query-input\":{\"@type\":\"PropertyValueSpecification\",\"valueRequired\":true,\"valueName\":\"search_term_string\"}}],\"inLanguage\":\"en-GB\"},{\"@type\":\"Organization\",\"@id\":\"https:\/\/www.proauto-parts.sk\/#organization\",\"name\":\"PROAUTO\",\"url\":\"https:\/\/www.proauto-parts.sk\/\",\"logo\":{\"@type\":\"ImageObject\",\"inLanguage\":\"en-GB\",\"@id\":\"https:\/\/www.proauto-parts.sk\/#\/schema\/logo\/image\/\",\"url\":\"https:\/\/www.proauto-parts.sk\/wp-content\/uploads\/2018\/06\/PROAUTO_logo.jpg\",\"contentUrl\":\"https:\/\/www.proauto-parts.sk\/wp-content\/uploads\/2018\/06\/PROAUTO_logo.jpg\",\"width\":821,\"height\":372,\"caption\":\"PROAUTO\"},\"image\":{\"@id\":\"https:\/\/www.proauto-parts.sk\/#\/schema\/logo\/image\/\"}}]}<\/script>\n<!-- \/ Yoast SEO plugin. -->","yoast_head_json":{"title":"Vyhl\u00e1senie o pr\u00edstupnosti - proauto-parts.sk","robots":{"index":"index","follow":"follow","max-snippet":"max-snippet:-1","max-image-preview":"max-image-preview:large","max-video-preview":"max-video-preview:-1"},"canonical":"https:\/\/www.proauto-parts.sk\/en\/vyhlasenie-o-pristupnosti\/","og_locale":"en_GB","og_type":"article","og_title":"Vyhl\u00e1senie o pr\u00edstupnosti - proauto-parts.sk","og_description":"Vyhl\u00e1senie o\u00a0pr\u00edstupnosti Spolo\u010dnos\u0165 AUTOTECHNA BAR\u00c1NEK s.r.o., so s\u00eddlom Pod Str\u00e1\u017eou 3, 960 01 Zvolen sa zav\u00e4zuje zabezpe\u010di\u0165 pr\u00edstupnos\u0165 svojej webovej str\u00e1nky www.proauto-parts.sk v s\u00falade so z\u00e1konom \u010d. 351\/2022 Z. z. o pr\u00edstupnosti v\u00fdrobkov a slu\u017eieb pre osoby so zdravotn\u00fdm postihnut\u00edm, a v s\u00falade s normou EN 301 549, ktor\u00e1 vych\u00e1dza zo \u0161tandardov WCAG 2.1 \/ [&hellip;]","og_url":"https:\/\/www.proauto-parts.sk\/en\/vyhlasenie-o-pristupnosti\/","og_site_name":"proauto-parts.sk","article_modified_time":"2026-01-21T08:46:48+00:00","twitter_card":"summary_large_image","twitter_misc":{"Estimated reading time":"2 minutes"},"schema":{"@context":"https:\/\/schema.org","@graph":[{"@type":"WebPage","@id":"https:\/\/www.proauto-parts.sk\/vyhlasenie-o-pristupnosti\/","url":"https:\/\/www.proauto-parts.sk\/vyhlasenie-o-pristupnosti\/","name":"Vyhl\u00e1senie o pr\u00edstupnosti - proauto-parts.sk","isPartOf":{"@id":"https:\/\/www.proauto-parts.sk\/#website"},"datePublished":"2026-01-21T08:25:53+00:00","dateModified":"2026-01-21T08:46:48+00:00","breadcrumb":{"@id":"https:\/\/www.proauto-parts.sk\/vyhlasenie-o-pristupnosti\/#breadcrumb"},"inLanguage":"en-GB","potentialAction":[{"@type":"ReadAction","target":["https:\/\/www.proauto-parts.sk\/vyhlasenie-o-pristupnosti\/"]}]},{"@type":"BreadcrumbList","@id":"https:\/\/www.proauto-parts.sk\/vyhlasenie-o-pristupnosti\/#breadcrumb","itemListElement":[{"@type":"ListItem","position":1,"name":"Home","item":"https:\/\/www.proauto-parts.sk\/"},{"@type":"ListItem","position":2,"name":"Vyhl\u00e1senie o pr\u00edstupnosti"}]},{"@type":"WebSite","@id":"https:\/\/www.proauto-parts.sk\/#website","url":"https:\/\/www.proauto-parts.sk\/","name":"proauto-parts.sk","description":"PROAUTO","publisher":{"@id":"https:\/\/www.proauto-parts.sk\/#organization"},"potentialAction":[{"@type":"SearchAction","target":{"@type":"EntryPoint","urlTemplate":"https:\/\/www.proauto-parts.sk\/?s={search_term_string}"},"query-input":{"@type":"PropertyValueSpecification","valueRequired":true,"valueName":"search_term_string"}}],"inLanguage":"en-GB"},{"@type":"Organization","@id":"https:\/\/www.proauto-parts.sk\/#organization","name":"PROAUTO","url":"https:\/\/www.proauto-parts.sk\/","logo":{"@type":"ImageObject","inLanguage":"en-GB","@id":"https:\/\/www.proauto-parts.sk\/#\/schema\/logo\/image\/","url":"https:\/\/www.proauto-parts.sk\/wp-content\/uploads\/2018\/06\/PROAUTO_logo.jpg","contentUrl":"https:\/\/www.proauto-parts.sk\/wp-content\/uploads\/2018\/06\/PROAUTO_logo.jpg","width":821,"height":372,"caption":"PROAUTO"},"image":{"@id":"https:\/\/www.proauto-parts.sk\/#\/schema\/logo\/image\/"}}]}},"_links":{"self":[{"href":"https:\/\/www.proauto-parts.sk\/en\/wp-json\/wp\/v2\/pages\/1774","targetHints":{"allow":["GET"]}}],"collection":[{"href":"https:\/\/www.proauto-parts.sk\/en\/wp-json\/wp\/v2\/pages"}],"about":[{"href":"https:\/\/www.proauto-parts.sk\/en\/wp-json\/wp\/v2\/types\/page"}],"author":[{"embeddable":true,"href":"https:\/\/www.proauto-parts.sk\/en\/wp-json\/wp\/v2\/users\/1"}],"replies":[{"embeddable":true,"href":"https:\/\/www.proauto-parts.sk\/en\/wp-json\/wp\/v2\/comments?post=1774"}],"version-history":[{"count":7,"href":"https:\/\/www.proauto-parts.sk\/en\/wp-json\/wp\/v2\/pages\/1774\/revisions"}],"predecessor-version":[{"id":1785,"href":"https:\/\/www.proauto-parts.sk\/en\/wp-json\/wp\/v2\/pages\/1774\/revisions\/1785"}],"wp:attachment":[{"href":"https:\/\/www.proauto-parts.sk\/en\/wp-json\/wp\/v2\/media?parent=1774"}],"curies":[{"name":"wp","href":"https:\/\/api.w.org\/{rel}","templated":true}]}}